{"id":2392,"date":"2022-01-19T10:06:54","date_gmt":"2022-01-19T10:06:54","guid":{"rendered":"http:\/\/www.capitulodeflebologia.org\/guias-y-recomendaciones\/"},"modified":"2022-01-19T10:15:38","modified_gmt":"2022-01-19T10:15:38","slug":"guias-y-recomendaciones","status":"publish","type":"page","link":"https:\/\/www.capitulodeflebologia.org\/en\/guias-y-recomendaciones\/","title":{"rendered":"Gu\u00edas y Recomendaciones"},"content":{"rendered":"<div id='full_slider_1' class='avia-fullwidth-slider main_color avia-shadow   avia-builder-el-0  el_before_av_section  avia-builder-el-first   container_wrap fullsize' style=' '  ><div  data-size='featured'  data-lightbox_size='large'  data-animation='fade'  data-conditional_play=''  data-ids='736,735,738,737,734,733'  data-video_counter='0'  data-autoplay='true'  data-bg_slider='false'  data-slide_height=''  data-handle='av_slideshow_full'  data-interval='5'  data-class=' '  data-css_id=''  data-scroll_down=''  data-control_layout='av-control-hidden'  data-custom_markup=''  data-perma_caption='aviaTBperma_caption'  data-autoplay_stopper=''  data-image_attachment=''  data-min_height='0px'  data-src=''  data-position='top left'  data-repeat='no-repeat'  data-attach='scroll'  data-stretch=''  data-default-height='28.666666666667'  class='avia-slideshow avia-slideshow-1  av-control-hidden av-default-height-applied avia-slideshow-featured av_slideshow_full   avia-fade-slider '  itemprop=\"image\" itemscope=\"itemscope\" itemtype=\"https:\/\/schema.org\/ImageObject\" ><ul class='avia-slideshow-inner ' style='padding-bottom: 28.666666666667%;' ><li  class=' slide-1 ' ><div data-rel='slideshow-1' class='avia-slide-wrap '   ><img src='https:\/\/www.capitulodeflebologia.org\/wp-content\/uploads\/2019\/08\/Flebologia-slider-2BN-1500x430.jpg' width='1500' height='430' title='Flebologia-slider-2BN' alt=''  itemprop=\"thumbnailUrl\"   \/><\/div><\/li><li  class=' slide-2 ' ><div data-rel='slideshow-1' class='avia-slide-wrap '   ><img src='https:\/\/www.capitulodeflebologia.org\/wp-content\/uploads\/2019\/08\/Flebologia-slider-3BN-1500x430.jpg' width='1500' height='430' title='Flebologia-slider-3BN' alt=''  itemprop=\"thumbnailUrl\"   \/><\/div><\/li><li  class=' slide-3 ' ><div data-rel='slideshow-1' class='avia-slide-wrap '   ><img src='https:\/\/www.capitulodeflebologia.org\/wp-content\/uploads\/2019\/08\/Flebologia-slider-1BN-1500x430.jpg' width='1500' height='430' title='Flebologia-slider-1BN' alt=''  itemprop=\"thumbnailUrl\"   \/><\/div><\/li><\/ul><div class='avia-slideshow-arrows avia-slideshow-controls'><a href='#prev' class='prev-slide' aria-hidden='true' data-av_icon='\ue87c' data-av_iconfont='entypo-fontello'>Previous<\/a><a href='#next' class='next-slide' aria-hidden='true' data-av_icon='\ue87d' data-av_iconfont='entypo-fontello'>Next<\/a><\/div><div class='avia-slideshow-dots avia-slideshow-controls'><a href='#1' class='goto-slide active' >1<\/a><a href='#2' class='goto-slide ' >2<\/a><a href='#3' class='goto-slide ' >3<\/a><\/div><div class = \"caption_fullwidth av-slideshow-caption caption_bottom\"><div class = \"container caption_container\"><div class = \"slideshow_caption\"><div class = \"slideshow_inner_caption\"><div class = \"slideshow_align_caption\"><h2  class='avia-caption-title  '  itemprop=\"name\" >GU\u00cdAS Y <br \/>RECOMENDACIONES<\/h2><\/div><\/div><\/div><\/div><\/div><\/div><\/div>\n<div id='av_section_1' class='avia-section main_color avia-section-large avia-no-border-styling avia-bg-style-scroll  avia-builder-el-1  el_after_av_slideshow_full  avia-builder-el-last   container_wrap fullsize' style=' '  ><div class='container' ><div class='template-page content  av-content-full alpha units'><div class='post-entry post-entry-type-page post-entry-2392'><div class='entry-content-wrapper clearfix'>\n<section class=\"av_textblock_section \"  itemscope=\"itemscope\" itemtype=\"https:\/\/schema.org\/CreativeWork\" ><div class='avia_textblock  '   itemprop=\"text\" ><div class=\"bloquestitular\"><\/div>\n<div class=\"bloquestitular2\">\n<h2 class=\"bloquestitular2_txt\"><span style=\"color: #0d5683;\">Recomendaciones<\/span><\/h2>\n<hr\/>\n<\/div>\n<div class=\"contenidobloques\">\n<div class=\"bloques\"><\/div>\n<\/div>\n<div class=\"contenidobloques\">\n<div class=\"bloques\"><\/div>\n<\/div>\n<div class=\"contenidobloques\">\n<div class=\"bloques\"><\/div>\n<\/div>\n<\/div><\/section>\n<section class=\"av_textblock_section \"  itemscope=\"itemscope\" itemtype=\"https:\/\/schema.org\/CreativeWork\" ><div class='avia_textblock  '   itemprop=\"text\" ><div class=\"bloquestitular\"><\/div>\n<div class=\"bloquestitular2\"><\/div>\n<div class=\"contenidobloques\">\n<div class=\"bloques\">\n<blockquote>\n<p><img loading=\"lazy\" class=\"foto_izquierda\" src=\"http:\/\/www.capitulodeflebologia.org\/wp-content\/uploads\/2020\/12\/protocolo.jpg\" width=\"190\" height=\"323\" \/><br \/>\n<strong>Protocolo de derivaci\u00f3n y tratamiento \u00falcera de pierna<\/strong><\/p>\n<\/blockquote>\n<\/div>\n<div>\n<table class=\"bloques_pdf\" border=\"0\" cellpadding=\"0\">\n<tbody>\n<tr>\n<td><strong><a href=\"http:\/\/www.capitulodeflebologia.org\/wp-content\/uploads\/2020\/12\/Protocolo-de-derivaci\u00f3n-y-tratamiento-ulcera-de-pierna.pdf\" target=\"_blank\" rel=\"noopener noreferrer\">Download File<\/a><\/strong><\/td>\n<\/tr>\n<\/tbody>\n<\/table>\n<\/div>\n<\/div>\n<div class=\"contenidobloques\">\n<div class=\"bloques\"><\/div>\n<\/div>\n<div class=\"bloquestitular\"><\/div>\n<div class=\"bloquestitular2\"><\/div>\n<div class=\"contenidobloques\">\n<div><\/div>\n<\/div>\n<hr \/>\n<\/div><\/section>\n<section class=\"av_textblock_section \"  itemscope=\"itemscope\" itemtype=\"https:\/\/schema.org\/CreativeWork\" ><div class='avia_textblock  '   itemprop=\"text\" ><div class=\"bloquestitular\"><\/div>\n<div class=\"bloquestitular2\"><\/div>\n<div class=\"contenidobloques\">\n<div class=\"bloques\">\n<blockquote>\n<p><img loading=\"lazy\" class=\"foto_izquierda\" src=\"http:\/\/www.capitulodeflebologia.org\/wp-content\/uploads\/2020\/05\/Manejo-de-la-ETEV.jpg\" width=\"190\" height=\"323\" \/><br \/>\n<strong>Manejo de la ETEV en la era COVID-19<\/strong><\/p>\n<\/blockquote>\n<div class=\"page\" title=\"Page 1\">\n<div class=\"section\">\n<div class=\"layoutArea\">\n<div class=\"column\">\n<p>Recomendaciones del Cap\u00edtulo Espa\u00f1ol de Flebolog\u00eda y Linfolog\u00eda de la SEACV.<\/p>\n<\/div>\n<\/div>\n<\/div>\n<\/div>\n<\/div>\n<div>\n<table class=\"bloques_pdf\" border=\"0\" cellpadding=\"0\">\n<tbody>\n<tr>\n<td><strong><a href=\"http:\/\/www.capitulodeflebologia.org\/wp-content\/uploads\/2020\/05\/Manejo-de-la-ETEV-en-la-Era-COVID-19-Recomendaciones-del-CEFyL.pdf\" target=\"_blank\" rel=\"noopener noreferrer\">Download File<\/a><\/strong><\/td>\n<\/tr>\n<\/tbody>\n<\/table>\n<\/div>\n<\/div>\n<div class=\"contenidobloques\">\n<div class=\"bloques\"><\/div>\n<\/div>\n<div class=\"bloquestitular\"><\/div>\n<div class=\"bloquestitular2\"><\/div>\n<div class=\"contenidobloques\">\n<div><\/div>\n<\/div>\n<hr \/>\n<\/div><\/section>\n<section class=\"av_textblock_section \"  itemscope=\"itemscope\" itemtype=\"https:\/\/schema.org\/CreativeWork\" ><div class='avia_textblock  '   itemprop=\"text\" ><div class=\"bloquestitular\"><\/div>\n<div class=\"bloquestitular2\"><\/div>\n<div class=\"contenidobloques\">\n<div class=\"bloques\">\n<blockquote>\n<p><img loading=\"lazy\" class=\"foto_izquierda\" src=\"http:\/\/www.capitulodeflebologia.org\/wp-content\/uploads\/2020\/11\/documentos-respuestas-en-trombosis.jpg\" width=\"190\" height=\"323\" \/><br \/>\n<strong>Respuestas en Trombosis Venosa Superficial. De la Bibliograf\u00eda a la Pr\u00e1ctica.<\/strong><\/p>\n<\/blockquote>\n<\/div>\n<div>\n<table class=\"bloques_pdf\" border=\"0\" cellpadding=\"0\">\n<tbody>\n<tr>\n<td><strong><a href=\"http:\/\/www.capitulodeflebologia.org\/wp-content\/uploads\/2020\/11\/2020-RESPUESTAS-EN-TROMBOSIS-VENOSA-SUPERFICIAL.pdf\" target=\"_blank\" rel=\"noopener noreferrer\">Download File<\/a><\/strong><\/td>\n<\/tr>\n<\/tbody>\n<\/table>\n<\/div>\n<\/div>\n<div class=\"contenidobloques\">\n<div class=\"bloques\"><\/div>\n<\/div>\n<div class=\"bloquestitular\"><\/div>\n<div class=\"bloquestitular2\"><\/div>\n<div class=\"contenidobloques\">\n<div><\/div>\n<\/div>\n<\/div><\/section>\n<div  class='hr hr-full hr-no-shadow   avia-builder-el-6  el_after_av_textblock  el_before_av_textblock  '><span class='hr-inner ' ><span class='hr-inner-style'><\/span><\/span><\/div>\n<section class=\"av_textblock_section \"  itemscope=\"itemscope\" itemtype=\"https:\/\/schema.org\/CreativeWork\" ><div class='avia_textblock  '   itemprop=\"text\" ><div class=\"bloquestitular\"><\/div>\n<div class=\"bloquestitular2\">\n<h2 class=\"bloquestitular2_txt\"><span style=\"color: #0d5683;\">Gu\u00edas<\/span><\/h2>\n<hr\/>\n<\/div>\n<div class=\"contenidobloques\">\n<div class=\"bloques\"><\/div>\n<\/div>\n<div class=\"contenidobloques\">\n<div class=\"bloques\"><\/div>\n<\/div>\n<div class=\"contenidobloques\">\n<div class=\"bloques\"><\/div>\n<\/div>\n<\/div><\/section>\n<section class=\"av_textblock_section \"  itemscope=\"itemscope\" itemtype=\"https:\/\/schema.org\/CreativeWork\" ><div class='avia_textblock  '   itemprop=\"text\" ><div class=\"bloquestitular\"><\/div>\n<div class=\"bloquestitular2\"><\/div>\n<div class=\"contenidobloques\"><\/div>\n<div class=\"bloquestitular2\"><\/div>\n<div class=\"contenidobloques\">\n<div class=\"bloques\"><\/div>\n<\/div>\n<div class=\"contenidobloques\">\n<div class=\"bloques\">\n<blockquote>\n<p><img class=\"foto_izquierda\" src=\"http:\/\/www.capitulodeflebologia.org\/wp-content\/uploads\/2020\/02\/Guia-linfedema-segunda-edicion-2017_439.jpg\" \/><br \/>\n<strong>GU\u00cdA DE PR\u00c1CTICA CL\u00cdNICA &#8220;ORIENTACI\u00d3N DIAGN\u00d3STICA Y TERAP\u00c9UTICA DEL LINFEDEMA<\/strong><\/p>\n<\/blockquote>\n<p>Esta gu\u00eda, incluye una primera parte dedicada a la definici\u00f3n y orientaci\u00f3n diagn\u00f3stica del linfedema, y una segunda m\u00e1s amplia, en la que se ha hecho una revisi\u00f3n exhaustiva de las mejores pr\u00e1cticas en el tratamiento del edema y sus complicaciones.<\/p>\n<p>Deseamos que este consenso sea una herramienta \u00fatil en el d\u00eda a d\u00eda de todos los profesionales relacionados con el linfedema, y que nos ayude a ser m\u00e1s eficientes y mejorar la calidad de la asistencia que prestamos a nuestros pacientes.<\/p>\n<\/div>\n<div>\n<table class=\"bloques_pdf\" border=\"0\" cellpadding=\"0\">\n<tbody>\n<tr>\n<td><strong><a href=\"http:\/\/www.capitulodeflebologia.org\/wp-content\/uploads\/2020\/06\/Guia-linfedema-segunda-edicion-final-2017_439.pdf\" target=\"_blank\" rel=\"noopener noreferrer\">Download File<\/a><\/strong><\/td>\n<\/tr>\n<\/tbody>\n<\/table>\n<\/div>\n<\/div>\n<div class=\"contenidobloques\">\n<div class=\"bloques\"><\/div>\n<\/div>\n<div class=\"contenidobloques\">\n<div class=\"bloques\">\n<hr \/>\n<blockquote>\n<p><img class=\"foto_izquierda\" src=\"http:\/\/www.capitulodeflebologia.org\/wp-content\/uploads\/2020\/02\/Guias-de-Practica-Clinica-en-Enfermedad-Venosa-Cronica_431.jpg\" \/><br \/>\n<strong>GU\u00cdAS DE PR\u00c1CTICA CL\u00cdNICA EN ENFERMEDAD VENOSA CR\u00d3NICA<\/strong><\/p>\n<\/blockquote>\n<p><em>Dr. Carles Miquel Abbad, Dr. Rodrigo Rial Horcajo, Dra. M\u00aa Dolores Ballesteros Ortega, Dr. C\u00e9sar Garc\u00eda Madrid.<\/em><\/p>\n<p>\u201cEsta Gu\u00eda, editada por el CEFyL, es una traducci\u00f3n y adaptaci\u00f3n de la actual evidencia recogida en las gu\u00edas internacionales del EVF a nuestra realidad y nuestro medio. Su objetivo es obtener de forma \u00fatil una actualizaci\u00f3n sobre las evidencias y conocimientos en epidemiolog\u00eda, clasificaci\u00f3n, diagn\u00f3stico, impacto en la calidad de vida, tratamiento conservador y farmacol\u00f3gico, t\u00e9cnicas quir\u00fargicas y endoluminales, prevenci\u00f3n de recurrencias, tratamiento del s\u00edndrome postromb\u00f3tico y que adem\u00e1s se completa con una exposici\u00f3n de las cuestiones a\u00fan por resolver en los que ser\u00e1 preciso la b\u00fasqueda de evidencias en un futuro\u201d.<\/p>\n<\/div>\n<div>\n<table class=\"bloques_pdf\" border=\"0\" cellpadding=\"0\">\n<tbody>\n<tr>\n<td><strong><a href=\"http:\/\/www.capitulodeflebologia.org\/wp-content\/uploads\/2020\/06\/Guias-Practica-Clinica-Enfermedad-Venosa-Cronica_431.pdf\" target=\"_blank\" rel=\"noopener noreferrer\">Download File<\/a><\/strong><\/td>\n<\/tr>\n<\/tbody>\n<\/table>\n<\/div>\n<\/div>\n<\/div><\/section>\n<section class=\"av_textblock_section \"  itemscope=\"itemscope\" itemtype=\"https:\/\/schema.org\/CreativeWork\" ><div class='avia_textblock  '   itemprop=\"text\" ><div class=\"bloquestitular\"><\/div>\n<div class=\"bloquestitular2\"><\/div>\n<div class=\"contenidobloques\"><\/div>\n<div class=\"bloquestitular2\"><\/div>\n<div class=\"contenidobloques\">\n<div class=\"bloques\"><\/div>\n<\/div>\n<div class=\"contenidobloques\">\n<div><\/div>\n<\/div>\n<div class=\"contenidobloques\">\n<div class=\"bloques\">\n<hr \/>\n<blockquote>\n<p><img loading=\"lazy\" class=\"alignnone size-medium wp-image-707\" src=\"http:\/\/prueba.capitulodeflebologia.org\/wp-content\/uploads\/2019\/08\/3-288x300.jpg\" alt=\"\" width=\"288\" height=\"300\" srcset=\"https:\/\/www.capitulodeflebologia.org\/wp-content\/uploads\/2019\/08\/3-288x300.jpg 288w, https:\/\/www.capitulodeflebologia.org\/wp-content\/uploads\/2019\/08\/3-768x799.jpg 768w, https:\/\/www.capitulodeflebologia.org\/wp-content\/uploads\/2019\/08\/3-990x1030.jpg 990w, https:\/\/www.capitulodeflebologia.org\/wp-content\/uploads\/2019\/08\/3-677x705.jpg 677w, https:\/\/www.capitulodeflebologia.org\/wp-content\/uploads\/2019\/08\/3-450x468.jpg 450w, https:\/\/www.capitulodeflebologia.org\/wp-content\/uploads\/2019\/08\/3.jpg 1222w\" sizes=\"(max-width: 288px) 100vw, 288px\" \/><br \/>\n<strong>CLINICAL PRACTICE GUIDELINES OF THE EUROPEAN SOCIETY FOR VASCULAR SURGERY (ESVS)<\/strong><\/p>\n<\/blockquote>\n<\/div>\n<div>\n<table class=\"bloques_pdf\" border=\"0\" cellpadding=\"0\">\n<tbody>\n<tr>\n<td><a href=\"https:\/\/www.ejves.com\/article\/S1078-5884(15)00097-0\/pdf\" target=\"_blank\" rel=\"noopener noreferrer\">Download File<\/a><\/td>\n<\/tr>\n<\/tbody>\n<\/table>\n<\/div>\n<\/div>\n<div class=\"contenidobloques\">\n<div class=\"bloques\"><\/div>\n<\/div>\n<hr \/>\n<\/div><\/section>\n<section class=\"av_textblock_section \"  itemscope=\"itemscope\" itemtype=\"https:\/\/schema.org\/CreativeWork\" ><div class='avia_textblock  '   itemprop=\"text\" ><div class=\"bloquestitular\"><\/div>\n<div class=\"bloquestitular2\"><\/div>\n<div class=\"contenidobloques\">\n<div class=\"bloques\">\n<blockquote>\n<p><img class=\"foto_izquierda\" src=\"http:\/\/www.capitulodeflebologia.org\/wp-content\/uploads\/2020\/02\/LIPEDEMA-24_05_2018-1_443.jpg\" \/><br \/>\n<strong>DOCUMENTO DE CONSENSO LIPEDEMA 2018<\/strong><\/p>\n<\/blockquote>\n<p>El<strong> lipedema<\/strong> es una alteraci\u00f3n o trastorno de la distribuci\u00f3n del tejido graso, poco conocido, que afecta casi exclusivamente a las mujeres e involucra fundamentalmente a las extremidades inferiores.<\/div>\n<div>\n<table class=\"bloques_pdf\" border=\"0\" cellpadding=\"0\">\n<tbody>\n<tr>\n<td><strong><a href=\"http:\/\/www.capitulodeflebologia.org\/wp-content\/uploads\/2020\/06\/LIPEDEMA-24_05_2018-1_443.pdf\" target=\"_blank\" rel=\"noopener noreferrer\">Download File<\/a><\/strong><\/td>\n<\/tr>\n<\/tbody>\n<\/table>\n<\/div>\n<\/div>\n<div class=\"contenidobloques\">\n<div class=\"bloques\">\n<hr \/>\n<blockquote>\n<p><img class=\"foto_izquierda\" src=\"http:\/\/www.capitulodeflebologia.org\/wp-content\/uploads\/2020\/02\/Libro-CONUEI_444.jpg\" \/><br \/>\n<strong>DOCUMENTO &#8221;CONFERENCIA NACIONAL DE CONSENSO SOBRE LAS \u00daLCERAS DE LA EXTREMIDAD INFERIOR (C.O.N.U.E.I.)&#8221;<\/strong><\/p>\n<\/blockquote>\n<p>La C.O.N.U.E.I. fue fundada en la primavera del a\u00f1o 2006 por un grupo de profesionales en Ciencias de la Salud, que desarrollaban su actividad profesional en la investigaci\u00f3n, la docencia y la asistencia en las \u00falceras ubicadas en la extremidad inferior.<\/p>\n<p>En septiembre de 2008, este grupo edit\u00f3 el denominado <strong>\u201cDocumento de Consenso-GPC CONUEI\u201d.<\/strong><\/div>\n<div>\n<table class=\"bloques_pdf\" border=\"0\" cellpadding=\"0\">\n<tbody>\n<tr>\n<td><a href=\"http:\/\/www.capitulodeflebologia.org\/wp-content\/uploads\/2020\/06\/Libro-CONUEI_444.pdf\" target=\"_blank\" rel=\"noopener noreferrer\"><strong>Download File<\/strong><\/a><\/td>\n<\/tr>\n<\/tbody>\n<\/table>\n<\/div>\n<\/div>\n<div class=\"bloquestitular\"><\/div>\n<div class=\"bloquestitular2\"><\/div>\n<div class=\"contenidobloques\">\n<div><\/div>\n<\/div>\n<\/div><\/section>\n<div  class='hr hr-full hr-no-shadow   avia-builder-el-11  el_after_av_textblock  avia-builder-el-last  '><span class='hr-inner ' ><span class='hr-inner-style'><\/span><\/span><\/div>\n\n","protected":false},"excerpt":{"rendered":"","protected":false},"author":1,"featured_media":0,"parent":0,"menu_order":0,"comment_status":"closed","ping_status":"closed","template":"","meta":[],"_links":{"self":[{"href":"https:\/\/www.capitulodeflebologia.org\/en\/wp-json\/wp\/v2\/pages\/2392"}],"collection":[{"href":"https:\/\/www.capitulodeflebologia.org\/en\/wp-json\/wp\/v2\/pages"}],"about":[{"href":"https:\/\/www.capitulodeflebologia.org\/en\/wp-json\/wp\/v2\/types\/page"}],"author":[{"embeddable":true,"href":"https:\/\/www.capitulodeflebologia.org\/en\/wp-json\/wp\/v2\/users\/1"}],"replies":[{"embeddable":true,"href":"https:\/\/www.capitulodeflebologia.org\/en\/wp-json\/wp\/v2\/comments?post=2392"}],"version-history":[{"count":5,"href":"https:\/\/www.capitulodeflebologia.org\/en\/wp-json\/wp\/v2\/pages\/2392\/revisions"}],"predecessor-version":[{"id":2617,"href":"https:\/\/www.capitulodeflebologia.org\/en\/wp-json\/wp\/v2\/pages\/2392\/revisions\/2617"}],"wp:attachment":[{"href":"https:\/\/www.capitulodeflebologia.org\/en\/wp-json\/wp\/v2\/media?parent=2392"}],"curies":[{"name":"wp","href":"https:\/\/api.w.org\/{rel}","templated":true}]}}