{"id":2387,"date":"2022-01-19T10:01:02","date_gmt":"2022-01-19T10:01:02","guid":{"rendered":"http:\/\/www.capitulodeflebologia.org\/documentos\/"},"modified":"2022-01-19T10:13:27","modified_gmt":"2022-01-19T10:13:27","slug":"documentos","status":"publish","type":"page","link":"https:\/\/www.capitulodeflebologia.org\/en\/documentos\/","title":{"rendered":"Documentos"},"content":{"rendered":"<div id='full_slider_1' class='avia-fullwidth-slider main_color avia-shadow   avia-builder-el-0  el_before_av_section  avia-builder-el-first   container_wrap fullsize' style=' '  ><div  data-size='featured'  data-lightbox_size='large'  data-animation='fade'  data-conditional_play=''  data-ids='736,735,738,737,734,733'  data-video_counter='0'  data-autoplay='true'  data-bg_slider='false'  data-slide_height=''  data-handle='av_slideshow_full'  data-interval='5'  data-class=' '  data-css_id=''  data-scroll_down=''  data-control_layout='av-control-hidden'  data-custom_markup=''  data-perma_caption='aviaTBperma_caption'  data-autoplay_stopper=''  data-image_attachment=''  data-min_height='0px'  data-src=''  data-position='top left'  data-repeat='no-repeat'  data-attach='scroll'  data-stretch=''  data-default-height='28.666666666667'  class='avia-slideshow avia-slideshow-1  av-control-hidden av-default-height-applied avia-slideshow-featured av_slideshow_full   avia-fade-slider '  itemprop=\"image\" itemscope=\"itemscope\" itemtype=\"https:\/\/schema.org\/ImageObject\" ><ul class='avia-slideshow-inner ' style='padding-bottom: 28.666666666667%;' ><li  class=' slide-1 ' ><div data-rel='slideshow-1' class='avia-slide-wrap '   ><img src='https:\/\/www.capitulodeflebologia.org\/wp-content\/uploads\/2019\/08\/Flebologia-slider-2BN-1500x430.jpg' width='1500' height='430' title='Flebologia-slider-2BN' alt=''  itemprop=\"thumbnailUrl\"   \/><\/div><\/li><li  class=' slide-2 ' ><div data-rel='slideshow-1' class='avia-slide-wrap '   ><img src='https:\/\/www.capitulodeflebologia.org\/wp-content\/uploads\/2019\/08\/Flebologia-slider-3BN-1500x430.jpg' width='1500' height='430' title='Flebologia-slider-3BN' alt=''  itemprop=\"thumbnailUrl\"   \/><\/div><\/li><li  class=' slide-3 ' ><div data-rel='slideshow-1' class='avia-slide-wrap '   ><img src='https:\/\/www.capitulodeflebologia.org\/wp-content\/uploads\/2019\/08\/Flebologia-slider-1BN-1500x430.jpg' width='1500' height='430' title='Flebologia-slider-1BN' alt=''  itemprop=\"thumbnailUrl\"   \/><\/div><\/li><\/ul><div class='avia-slideshow-arrows avia-slideshow-controls'><a href='#prev' class='prev-slide' aria-hidden='true' data-av_icon='\ue87c' data-av_iconfont='entypo-fontello'>Previous<\/a><a href='#next' class='next-slide' aria-hidden='true' data-av_icon='\ue87d' data-av_iconfont='entypo-fontello'>Next<\/a><\/div><div class='avia-slideshow-dots avia-slideshow-controls'><a href='#1' class='goto-slide active' >1<\/a><a href='#2' class='goto-slide ' >2<\/a><a href='#3' class='goto-slide ' >3<\/a><\/div><div class = \"caption_fullwidth av-slideshow-caption caption_bottom\"><div class = \"container caption_container\"><div class = \"slideshow_caption\"><div class = \"slideshow_inner_caption\"><div class = \"slideshow_align_caption\"><h2  class='avia-caption-title  '  itemprop=\"name\" >DOCUMENTS<\/h2><\/div><\/div><\/div><\/div><\/div><\/div><\/div>\n<div id='av_section_1' class='avia-section main_color avia-section-large avia-no-border-styling avia-bg-style-scroll  avia-builder-el-1  el_after_av_slideshow_full  avia-builder-el-last   container_wrap fullsize' style=' '  ><div class='container' ><div class='template-page content  av-content-full alpha units'><div class='post-entry post-entry-type-page post-entry-2387'><div class='entry-content-wrapper clearfix'>\n<section class=\"av_textblock_section \"  itemscope=\"itemscope\" itemtype=\"https:\/\/schema.org\/CreativeWork\" ><div class='avia_textblock  '   itemprop=\"text\" ><div class=\"bloquestitular\"><\/div>\n<div class=\"bloquestitular2\">\n<hr\/>\n<\/div>\n<div class=\"contenidobloques\">\n<div class=\"bloques\"><\/div>\n<\/div>\n<div class=\"contenidobloques\">\n<div class=\"bloques\"><\/div>\n<\/div>\n<div class=\"contenidobloques\">\n<div class=\"bloques\"><\/div>\n<\/div>\n<\/div><\/section>\n<section class=\"av_textblock_section \"  itemscope=\"itemscope\" itemtype=\"https:\/\/schema.org\/CreativeWork\" ><div class='avia_textblock  '   itemprop=\"text\" ><div class=\"bloquestitular\"><\/div>\n<div class=\"bloquestitular2\"><\/div>\n<div class=\"contenidobloques\">\n<div class=\"bloques\">\n<blockquote>\n<p><img loading=\"lazy\" class=\"foto_izquierda\" src=\"http:\/\/www.capitulodeflebologia.org\/wp-content\/uploads\/2020\/12\/protocolo.jpg\" width=\"190\" height=\"323\" \/><br \/>\n<strong>Protocolo de derivaci\u00f3n y tratamiento \u00falcera de pierna<\/strong><\/p>\n<\/blockquote>\n<\/div>\n<div>\n<table class=\"bloques_pdf\" border=\"0\" cellpadding=\"0\">\n<tbody>\n<tr>\n<td><strong><a href=\"http:\/\/www.capitulodeflebologia.org\/wp-content\/uploads\/2020\/12\/Protocolo-de-derivaci\u00f3n-y-tratamiento-ulcera-de-pierna.pdf\" target=\"_blank\" rel=\"noopener noreferrer\">Download File<\/a><\/strong><\/td>\n<\/tr>\n<\/tbody>\n<\/table>\n<\/div>\n<\/div>\n<div class=\"contenidobloques\">\n<div class=\"bloques\"><\/div>\n<\/div>\n<div class=\"bloquestitular\"><\/div>\n<div class=\"bloquestitular2\"><\/div>\n<div class=\"contenidobloques\">\n<div><\/div>\n<\/div>\n<\/div><\/section>\n<section class=\"av_textblock_section \"  itemscope=\"itemscope\" itemtype=\"https:\/\/schema.org\/CreativeWork\" ><div class='avia_textblock  '   itemprop=\"text\" ><div class=\"bloquestitular\"><\/div>\n<div class=\"bloquestitular2\">\n<hr\/>\n<\/div>\n<div class=\"contenidobloques\">\n<div class=\"bloques\"><\/div>\n<\/div>\n<div class=\"contenidobloques\">\n<div class=\"bloques\"><\/div>\n<\/div>\n<div class=\"contenidobloques\">\n<div class=\"bloques\"><\/div>\n<\/div>\n<\/div><\/section>\n<section class=\"av_textblock_section \"  itemscope=\"itemscope\" itemtype=\"https:\/\/schema.org\/CreativeWork\" ><div class='avia_textblock  '   itemprop=\"text\" ><div class=\"bloquestitular\"><\/div>\n<div class=\"bloquestitular2\"><\/div>\n<div class=\"contenidobloques\">\n<div class=\"bloques\">\n<blockquote>\n<p><img loading=\"lazy\" class=\"foto_izquierda\" src=\"http:\/\/www.capitulodeflebologia.org\/wp-content\/uploads\/2020\/10\/revista-angiologia-1.jpg\" width=\"190\" height=\"323\" \/><br \/>\n<strong>Los puntos oscuros de la insuficiencia venosa p\u00e9lvica<\/strong><\/p>\n<\/blockquote>\n<\/div>\n<div>\n<table class=\"bloques_pdf\" border=\"0\" cellpadding=\"0\">\n<tbody>\n<tr>\n<td><strong><a href=\"http:\/\/www.capitulodeflebologia.org\/wp-content\/uploads\/2020\/10\/Articulo-Puntos-oscuros-IVP-Angiologia-2020.pdf\" target=\"_blank\" rel=\"noopener noreferrer\">Download File<\/a><\/strong><\/td>\n<\/tr>\n<\/tbody>\n<\/table>\n<\/div>\n<\/div>\n<div class=\"contenidobloques\">\n<div class=\"bloques\"><\/div>\n<\/div>\n<div class=\"bloquestitular\"><\/div>\n<div class=\"bloquestitular2\"><\/div>\n<div class=\"contenidobloques\">\n<div><\/div>\n<\/div>\n<\/div><\/section>\n<section class=\"av_textblock_section \"  itemscope=\"itemscope\" itemtype=\"https:\/\/schema.org\/CreativeWork\" ><div class='avia_textblock  '   itemprop=\"text\" ><div class=\"bloquestitular\"><\/div>\n<div class=\"bloquestitular2\"><\/div>\n<div class=\"contenidobloques\">\n<div>\n<hr\/>\n<\/div>\n<\/div>\n<div class=\"contenidobloques\">\n<div class=\"bloques\"><\/div>\n<\/div>\n<div class=\"bloquestitular\"><\/div>\n<div class=\"bloquestitular2\"><\/div>\n<div class=\"contenidobloques\">\n<div><\/div>\n<\/div>\n<\/div><\/section>\n<section class=\"av_textblock_section \"  itemscope=\"itemscope\" itemtype=\"https:\/\/schema.org\/CreativeWork\" ><div class='avia_textblock  '   itemprop=\"text\" ><div class=\"bloquestitular\"><\/div>\n<div class=\"bloquestitular2\"><\/div>\n<div class=\"contenidobloques\">\n<div class=\"bloques\">\n<blockquote>\n<p><img loading=\"lazy\" class=\"foto_izquierda\" src=\"http:\/\/www.capitulodeflebologia.org\/wp-content\/uploads\/2020\/10\/revista-angiologia-2.jpg\" width=\"190\" height=\"323\" \/><br \/>\n<strong>Controversias en el s\u00edndrome de congesti\u00f3n p\u00e9lvica. Una perspectiva hemodin\u00e1mica<\/strong><\/p>\n<\/blockquote>\n<\/div>\n<div>\n<table class=\"bloques_pdf\" border=\"0\" cellpadding=\"0\">\n<tbody>\n<tr>\n<td><strong><a href=\"http:\/\/www.capitulodeflebologia.org\/wp-content\/uploads\/2020\/10\/Editorial-Controversias-en-el-SCP-Angiologia-2020.pdf\" target=\"_blank\" rel=\"noopener noreferrer\">Download File<\/a><\/strong><\/td>\n<\/tr>\n<\/tbody>\n<\/table>\n<\/div>\n<\/div>\n<div class=\"contenidobloques\">\n<div class=\"bloques\"><\/div>\n<\/div>\n<div class=\"bloquestitular\"><\/div>\n<div class=\"bloquestitular2\"><\/div>\n<div class=\"contenidobloques\">\n<div><\/div>\n<\/div>\n<\/div><\/section>\n<section class=\"av_textblock_section \"  itemscope=\"itemscope\" itemtype=\"https:\/\/schema.org\/CreativeWork\" ><div class='avia_textblock  '   itemprop=\"text\" ><div class=\"bloquestitular\"><\/div>\n<div class=\"bloquestitular2\"><\/div>\n<div class=\"contenidobloques\"><\/div>\n<div class=\"bloquestitular2\"><\/div>\n<div class=\"contenidobloques\">\n<div><\/div>\n<\/div>\n<div class=\"contenidobloques\">\n<div><\/div>\n<\/div>\n<div class=\"contenidobloques\">\n<div class=\"bloques\">\n<hr \/>\n<blockquote>\n<p><img loading=\"lazy\" class=\"alignnone size-medium wp-image-707\" src=\"http:\/\/prueba.capitulodeflebologia.org\/wp-content\/uploads\/2019\/08\/3-288x300.jpg\" alt=\"\" width=\"288\" height=\"300\" srcset=\"https:\/\/www.capitulodeflebologia.org\/wp-content\/uploads\/2019\/08\/3-288x300.jpg 288w, https:\/\/www.capitulodeflebologia.org\/wp-content\/uploads\/2019\/08\/3-768x799.jpg 768w, https:\/\/www.capitulodeflebologia.org\/wp-content\/uploads\/2019\/08\/3-990x1030.jpg 990w, https:\/\/www.capitulodeflebologia.org\/wp-content\/uploads\/2019\/08\/3-677x705.jpg 677w, https:\/\/www.capitulodeflebologia.org\/wp-content\/uploads\/2019\/08\/3-450x468.jpg 450w, https:\/\/www.capitulodeflebologia.org\/wp-content\/uploads\/2019\/08\/3.jpg 1222w\" sizes=\"(max-width: 288px) 100vw, 288px\" \/><br \/>\n<strong>CLINICAL PRACTICE GUIDELINES OF THE EUROPEAN SOCIETY FOR VASCULAR SURGERY (ESVS)<\/strong><\/p>\n<\/blockquote>\n<\/div>\n<div>\n<table class=\"bloques_pdf\" border=\"0\" cellpadding=\"0\">\n<tbody>\n<tr>\n<td><a href=\"https:\/\/www.ejves.com\/article\/S1078-5884(15)00097-0\/pdf\" target=\"_blank\" rel=\"noopener noreferrer\">Download File<\/a><\/td>\n<\/tr>\n<\/tbody>\n<\/table>\n<\/div>\n<\/div>\n<div class=\"contenidobloques\">\n<div class=\"bloques\"><\/div>\n<\/div>\n<hr \/>\n<\/div><\/section>\n<section class=\"av_textblock_section \"  itemscope=\"itemscope\" itemtype=\"https:\/\/schema.org\/CreativeWork\" ><div class='avia_textblock  '   itemprop=\"text\" ><div class=\"bloquestitular\"><\/div>\n<div class=\"bloquestitular2\"><\/div>\n<div class=\"contenidobloques\"><\/div>\n<div class=\"bloquestitular2\"><\/div>\n<div class=\"contenidobloques\">\n<div class=\"bloques\">\n<blockquote>\n<p><img loading=\"lazy\" class=\"alignnone size-medium wp-image-700\" src=\"http:\/\/prueba.capitulodeflebologia.org\/wp-content\/uploads\/2019\/08\/consentimiento-247x300.jpg\" alt=\"\" width=\"247\" height=\"300\" srcset=\"https:\/\/www.capitulodeflebologia.org\/wp-content\/uploads\/2019\/08\/consentimiento-247x300.jpg 247w, https:\/\/www.capitulodeflebologia.org\/wp-content\/uploads\/2019\/08\/consentimiento-768x934.jpg 768w, https:\/\/www.capitulodeflebologia.org\/wp-content\/uploads\/2019\/08\/consentimiento-847x1030.jpg 847w, https:\/\/www.capitulodeflebologia.org\/wp-content\/uploads\/2019\/08\/consentimiento-1233x1500.jpg 1233w, https:\/\/www.capitulodeflebologia.org\/wp-content\/uploads\/2019\/08\/consentimiento-580x705.jpg 580w, https:\/\/www.capitulodeflebologia.org\/wp-content\/uploads\/2019\/08\/consentimiento-450x547.jpg 450w, https:\/\/www.capitulodeflebologia.org\/wp-content\/uploads\/2019\/08\/consentimiento.jpg 1526w\" sizes=\"(max-width: 247px) 100vw, 247px\" \/><br \/>\n<span style=\"font-size: 20px; font-weight: 600;\">CONSENTIMIENTOS INFORMADOS EN CIRUG\u00cdA ENDOVASCULAR<\/span><\/p>\n<\/blockquote>\n<p><em>J.P. Linares Palomino y M. Guerra Requena.<\/em><\/div>\n<div>\n<table class=\"bloques_pdf\" border=\"0\" cellpadding=\"0\">\n<tbody>\n<tr>\n<td><a href=\"http:\/\/prueba.capitulodeflebologia.org\/wp-content\/uploads\/2019\/09\/Libro-Consentimientos-Informados-Capitulo-Cirugia-Endovascular-1_compressed.pdf\" target=\"_blank\" rel=\"noopener noreferrer\">Download File<\/a><\/td>\n<\/tr>\n<\/tbody>\n<\/table>\n<\/div>\n<\/div>\n<hr \/>\n<\/div><\/section>\n<div  class='hr hr-full hr-no-shadow   avia-builder-el-10  el_after_av_textblock  avia-builder-el-last  '><span class='hr-inner ' ><span class='hr-inner-style'><\/span><\/span><\/div>\n\n","protected":false},"excerpt":{"rendered":"","protected":false},"author":1,"featured_media":0,"parent":0,"menu_order":0,"comment_status":"closed","ping_status":"closed","template":"","meta":[],"_links":{"self":[{"href":"https:\/\/www.capitulodeflebologia.org\/en\/wp-json\/wp\/v2\/pages\/2387"}],"collection":[{"href":"https:\/\/www.capitulodeflebologia.org\/en\/wp-json\/wp\/v2\/pages"}],"about":[{"href":"https:\/\/www.capitulodeflebologia.org\/en\/wp-json\/wp\/v2\/types\/page"}],"author":[{"embeddable":true,"href":"https:\/\/www.capitulodeflebologia.org\/en\/wp-json\/wp\/v2\/users\/1"}],"replies":[{"embeddable":true,"href":"https:\/\/www.capitulodeflebologia.org\/en\/wp-json\/wp\/v2\/comments?post=2387"}],"version-history":[{"count":12,"href":"https:\/\/www.capitulodeflebologia.org\/en\/wp-json\/wp\/v2\/pages\/2387\/revisions"}],"predecessor-version":[{"id":2411,"href":"https:\/\/www.capitulodeflebologia.org\/en\/wp-json\/wp\/v2\/pages\/2387\/revisions\/2411"}],"wp:attachment":[{"href":"https:\/\/www.capitulodeflebologia.org\/en\/wp-json\/wp\/v2\/media?parent=2387"}],"curies":[{"name":"wp","href":"https:\/\/api.w.org\/{rel}","templated":true}]}}