{"id":2310,"date":"2022-01-17T16:40:12","date_gmt":"2022-01-17T16:40:12","guid":{"rendered":"http:\/\/www.capitulodeflebologia.org\/premio-alberto-masegosa\/"},"modified":"2022-01-20T08:30:53","modified_gmt":"2022-01-20T08:30:53","slug":"premio-alberto-masegosa","status":"publish","type":"page","link":"https:\/\/www.capitulodeflebologia.org\/en\/premio-alberto-masegosa\/","title":{"rendered":"Premio Alberto Masegosa"},"content":{"rendered":"<div id='full_slider_1' class='avia-fullwidth-slider main_color avia-shadow   avia-builder-el-0  el_before_av_section  avia-builder-el-first   container_wrap fullsize' style=' '  ><div  data-size='featured'  data-lightbox_size='large'  data-animation='fade'  data-conditional_play=''  data-ids='736,735,738,737,734,733'  data-video_counter='0'  data-autoplay='true'  data-bg_slider='false'  data-slide_height=''  data-handle='av_slideshow_full'  data-interval='5'  data-class=' '  data-css_id=''  data-scroll_down=''  data-control_layout='av-control-hidden'  data-custom_markup=''  data-perma_caption='aviaTBperma_caption'  data-autoplay_stopper=''  data-image_attachment=''  data-min_height='0px'  data-src=''  data-position='top left'  data-repeat='no-repeat'  data-attach='scroll'  data-stretch=''  data-default-height='28.666666666667'  class='avia-slideshow avia-slideshow-1  av-control-hidden av-default-height-applied avia-slideshow-featured av_slideshow_full   avia-fade-slider '  itemprop=\"image\" itemscope=\"itemscope\" itemtype=\"https:\/\/schema.org\/ImageObject\" ><ul class='avia-slideshow-inner ' style='padding-bottom: 28.666666666667%;' ><li  class=' slide-1 ' ><div data-rel='slideshow-1' class='avia-slide-wrap '   ><img src='https:\/\/www.capitulodeflebologia.org\/wp-content\/uploads\/2019\/08\/Flebologia-slider-2BN-1500x430.jpg' width='1500' height='430' title='Flebologia-slider-2BN' alt=''  itemprop=\"thumbnailUrl\"   \/><\/div><\/li><li  class=' slide-2 ' ><div data-rel='slideshow-1' class='avia-slide-wrap '   ><img src='https:\/\/www.capitulodeflebologia.org\/wp-content\/uploads\/2019\/08\/Flebologia-slider-3BN-1500x430.jpg' width='1500' height='430' title='Flebologia-slider-3BN' alt=''  itemprop=\"thumbnailUrl\"   \/><\/div><\/li><li  class=' slide-3 ' ><div data-rel='slideshow-1' class='avia-slide-wrap '   ><img src='https:\/\/www.capitulodeflebologia.org\/wp-content\/uploads\/2019\/08\/Flebologia-slider-1BN-1500x430.jpg' width='1500' height='430' title='Flebologia-slider-1BN' alt=''  itemprop=\"thumbnailUrl\"   \/><\/div><\/li><\/ul><div class='avia-slideshow-arrows avia-slideshow-controls'><a href='#prev' class='prev-slide' aria-hidden='true' data-av_icon='\ue87c' data-av_iconfont='entypo-fontello'>Previous<\/a><a href='#next' class='next-slide' aria-hidden='true' data-av_icon='\ue87d' data-av_iconfont='entypo-fontello'>Next<\/a><\/div><div class='avia-slideshow-dots avia-slideshow-controls'><a href='#1' class='goto-slide active' >1<\/a><a href='#2' class='goto-slide ' >2<\/a><a href='#3' class='goto-slide ' >3<\/a><\/div><div class = \"caption_fullwidth av-slideshow-caption caption_bottom\"><div class = \"container caption_container\"><div class = \"slideshow_caption\"><div class = \"slideshow_inner_caption\"><div class = \"slideshow_align_caption\"><h2  class='avia-caption-title  '  itemprop=\"name\" >Alberto Masegosa Award<\/h2><\/div><\/div><\/div><\/div><\/div><\/div><\/div>\n<div id='av_section_1' class='avia-section main_color avia-section-default avia-no-border-styling avia-bg-style-scroll  avia-builder-el-1  el_after_av_slideshow_full  el_before_av_section   container_wrap fullsize' style=' '  ><div class='container' ><div class='template-page content  av-content-full alpha units'><div class='post-entry post-entry-type-page post-entry-2310'><div class='entry-content-wrapper clearfix'>\n<div style='height:30px' class='hr hr-invisible   avia-builder-el-2  el_before_av_heading  avia-builder-el-first  '><span class='hr-inner ' ><span class='hr-inner-style'><\/span><\/span><\/div>\n<div style='padding-bottom:10px; ' class='av-special-heading av-special-heading-h1    avia-builder-el-3  el_after_av_hr  el_before_av_textblock   '><h1 class='av-special-heading-tag '  itemprop=\"headline\"  >Call for nominations 2021: Alberto Masegosa Award<\/h1><div class='special-heading-border'><div class='special-heading-inner-border' ><\/div><\/div><\/div>\n<section class=\"av_textblock_section \"  itemscope=\"itemscope\" itemtype=\"https:\/\/schema.org\/CreativeWork\" ><div class='avia_textblock  '   itemprop=\"text\" ><div class=\"page\" title=\"Page 1\">\n<div class=\"layoutArea\">\n<div class=\"column\">\n<h3><strong>Announcement of the Alberto Masegosa Award 2021 for the Best Publication in Phlebology and \/ or Lymphology<br \/>\n<\/strong><\/h3>\n<\/div>\n<\/div>\n<\/div>\n<div class=\"page\" title=\"Page 1\">\n<div class=\"layoutArea\">\n<div class=\"column\">\n<p>The Spanish Chapter of Phlebology and Lymphology (SCPL), confer the Prize for the Best Publication on topics related to venous and lymphatic pathology. It receives the name &#8220;Alberto Masegosa&#8221; in honor of the Ex-President of the Chapter.<\/p>\n<p>The financial award is \u20ac 2,500 (before taxes) and is sponsored by Laboratorios Servier SL.<\/p>\n<p>BASES<\/p>\n<p>1.- The First Author of the original works on Phlebology or Lymphology, published in a national or international journal, will be eligible for the Prize from January 1, 2019 to December 31, 2020.<\/p>\n<p>2.- The same first author may only appear in a maximum of two of the papers presented. The work must not have received any award before or be presented simultaneously to other awards calls.<\/p>\n<p>3.- Deadline for sending documentation: June 30, 2021 (inclusive).<\/p>\n<p>4.- Application and documentation: The first author will send a copy of the article, together with their complete data, to the SCPL technical secretary (info@congresosxxi.com) detailing the subject &#8211; Alberto Masegosa Award-.<\/p>\n<p>* Once received, the secretary will send an email indicating your registration number.<\/p>\n<p>* If you do not receive this confirmation, contact the secretary because it means that the document has not been received correctly and, therefore, it will not be evaluated by the scientific committee.<\/p>\n<p>5.- The work will be presented at the Congress of the Spanish Chapter of Phlebology and Lymphology in a space that will be determined in advance. It is an essential requirement to present it at the Congress to be eligible for the award.<\/p>\n<p>6.- The Jury will be the SCPL Scientific Committee, who will assess the work based on the journal in which it has been published -impact factor-, design, scientific level, originality and relevance. His decision will be final and may be void due to lack of scientific level.<\/p>\n<p>The members of the Scientific Committee will not participate in the decision when they are one of the authors of the work, that is, a colleague from the Service itself. It is the responsibility of the first author to inform the rest of the authors that the work has been presented for the Prize, as well as the decision of the Jury.<\/p>\n<p>7.- The resolution of the Jury will be communicated during the SCPL Ordinary Assembly that will take place in the Congress and the Award will be presented at the Gala Dinner.<\/p>\n<p>SCPL Board of Directors<\/p>\n<\/div>\n<\/div>\n<\/div>\n<\/div><\/section>\n<div style='height:40px' class='hr hr-invisible   avia-builder-el-5  el_after_av_textblock  el_before_av_button  '><span class='hr-inner ' ><span class='hr-inner-style'><\/span><\/span><\/div>\n<div class='avia-button-wrap avia-button-left  avia-builder-el-6  el_after_av_hr  el_before_av_hr  '><a href='http:\/\/www.capitulodeflebologia.org\/wp-content\/uploads\/2021\/03\/Convocatoria-Premio-Alberto-Masegosa-2021.pdf'  class='avia-button   avia-icon_select-no avia-color-theme-color-subtle avia-size-large avia-position-left '  target=\"_blank\"   ><span class='avia_iconbox_title' >Click on the link below to download the scientific bases (Alberto Masegosa Award) <\/span><\/a><\/div>\n<div  class='hr hr-full hr-no-shadow   avia-builder-el-7  el_after_av_button  avia-builder-el-last  '><span class='hr-inner ' ><span class='hr-inner-style'><\/span><\/span><\/div>\n<\/div><\/div><\/div><!-- close content main div --><\/div><\/div><div id='av_section_2' class='avia-section main_color avia-section-default avia-no-border-styling avia-bg-style-scroll  avia-builder-el-8  el_after_av_section  avia-builder-el-last   container_wrap fullsize' style=' '  ><div class='container' ><div class='template-page content  av-content-full alpha units'><div class='post-entry post-entry-type-page post-entry-2310'><div class='entry-content-wrapper clearfix'>\n<div style='padding-bottom:10px; ' class='av-special-heading av-special-heading-h1    avia-builder-el-9  el_before_av_hr  avia-builder-el-first   '><h1 class='av-special-heading-tag '  itemprop=\"headline\"  >Convocatoria 2019<\/h1><div class='special-heading-border'><div class='special-heading-inner-border' ><\/div><\/div><\/div>\n<div style='height:20px' class='hr hr-invisible   avia-builder-el-10  el_after_av_heading  el_before_av_textblock  '><span class='hr-inner ' ><span class='hr-inner-style'><\/span><\/span><\/div>\n<section class=\"av_textblock_section \"  itemscope=\"itemscope\" itemtype=\"https:\/\/schema.org\/CreativeWork\" ><div class='avia_textblock  '   itemprop=\"text\" ><p><strong>CONVOCATORIA CERRADA<\/strong><\/p>\n<p>El trabajo ganador del Premio Alberto Masegosa a la Mejor Publicaci\u00f3n en Flebolog\u00eda y\/o Linfolog\u00eda 2019 es:<\/p>\n<p><strong>Behavior of Smooth Muscle Cells under Hypoxic Conditions: Possible Implications on the Varicose Vein Endothelium<\/strong><\/p>\n<p><strong>Miguel \u00c1ngel Ortega N\u00fa\u00f1ez<\/strong><br \/>\n<em>Departamento de Medicina y Especialidades M\u00e9dicas. Facultad de Medicina y Ciencias de la Salud. Universidad de Alcal\u00e1<\/em><\/p>\n<p>El Cap\u00edtulo Espa\u00f1ol de Flebolog\u00eda y Linfolog\u00eda (CEFyL), convoca el Premio a la Mejor Publicaci\u00f3n en temas relacionados con la patolog\u00eda venosa y linf\u00e1tica. Recibe el nombre \u201cAlberto Masegosa\u201d.<\/p>\n<p>La dotaci\u00f3n econ\u00f3mica es de <strong>2.500\u20ac<\/strong> (antes de impuestos) y est\u00e1 patrocinado por <strong>Laboratorios Servier S.L.<br \/>\n<\/strong><br \/>\n<strong>BASES<\/strong><\/p>\n<p>1.- Podr\u00e1 optar al Premio el Primer Autor de los trabajos originales sobre Flebolog\u00eda o Linfolog\u00eda, publicado en una revista de \u00e1mbito nacional o internacional, entre el primer y el \u00faltimo d\u00eda del a\u00f1o natural anterior a la convocatoria.<\/p>\n<p>2.- Un mismo firmante \u00fanicamente podr\u00e1 constar en un m\u00e1ximo de dos de los trabajos presentados. El trabajo no debe haber recibido ning\u00fan premio antes ni estar presentado simult\u00e1neamente a otras convocatorias de premios.<\/p>\n<p>3.- Convocatoria con periodicidad anual.<\/p>\n<p>4.- Fecha l\u00edmite para el env\u00edo de documentaci\u00f3n: <strong>4 de abril de 2019<\/strong>.<\/p>\n<p>5.- Solicitud y documentaci\u00f3n: El primer autor remitir\u00e1 una copia en espa\u00f1ol o ingl\u00e9s del art\u00edculo, junto con sus datos completos, a la secretar\u00eda t\u00e9cnica del <strong>CEFyL (<\/strong><a href=\"mailto:info@congresosxxi.com?subject=Premio%20Alberto%20Masegosa\"><strong>info@congresosxxi.com<\/strong><\/a><strong>)<\/strong> detallando en el asunto \u2028-<strong>Premio Alberto Masegosa<\/strong>-.<br \/>\n<em>* Una vez recibido, la secretar\u00eda le enviar\u00e1 un correo indicando su n\u00famero de registro. Si no recibiese esa confirmaci\u00f3n contacte con la secretar\u00eda porque significa que no se ha recibido correctamente el documento y, por lo tanto, no ser\u00e1 evaluado por el comit\u00e9 cient\u00edfico.<\/em><\/p>\n<p>6.-\u00a0 El Jurado ser\u00e1 el Comit\u00e9 Cient\u00edfico del CEFyL, quien valorar\u00e1 el trabajo en funci\u00f3n de la revista en el que haya sido publicado-factor de impacto-, dise\u00f1o, nivel cient\u00edfico, originalidad y relevancia. Su decisi\u00f3n ser\u00e1 inapelable, pudiendo quedar desierto por falta de nivel cient\u00edfico.\u2028Los miembros del Comit\u00e9 Cient\u00edfico no participar\u00e1n en la votaci\u00f3n cuando sean uno de los firmantes del trabajo, o sea un compa\u00f1ero del propio Servicio. Queda bajo responsabilidad del primer autor el poner en conocimiento del resto de autores que el trabajo ha sido presentado al Premio, as\u00ed como la resoluci\u00f3n del Jurado.<\/p>\n<p>Los miembros del Comit\u00e9 Cient\u00edfico no participar\u00e1n en la votaci\u00f3n cuando sean uno de los firmantes del trabajo, o sea un compa\u00f1ero del propio Servicio. Queda bajo responsabilidad del primer autor el poner en conocimiento del resto de autores que el trabajo ha sido presentado al Premio, as\u00ed como la resoluci\u00f3n del Jurado.<\/p>\n<p>7.- Se comunicar\u00e1 la resoluci\u00f3n del Jurado al premiado con la antelaci\u00f3n suficiente para que el trabajo sea presentado por el autor, o la persona que designe, en el <strong>Congreso del CEFyL<\/strong> del mismo a\u00f1o, que en el a\u00f1o <strong>2019<\/strong> se celebrar\u00e1 en <strong>Sevilla<\/strong>, en el Hotel Meli\u00e1 Lebreros, los d\u00edas <strong>2 y 3 de mayo de 2019<\/strong>. El premio ser\u00e1 entregado durante dicho congreso.<\/p>\n<p>Al realizar la solicitud para optar al premio, los autores se comprometen a la presentaci\u00f3n del trabajo en caso de ser seleccionado para ello.<\/p>\n<p>Junta Directiva del CEFyL<\/p>\n<\/div><\/section>\n<div style='height:40px' class='hr hr-invisible   avia-builder-el-12  el_after_av_textblock  el_before_av_button  '><span class='hr-inner ' ><span class='hr-inner-style'><\/span><\/span><\/div>\n<div class='avia-button-wrap avia-button-left  avia-builder-el-13  el_after_av_hr  el_before_av_hr  '><a href='http:\/\/prueba.capitulodeflebologia.org\/wp-content\/uploads\/2019\/08\/Premio-Alberto-Masegosa-2019_405.pdf'  class='avia-button   avia-icon_select-no avia-color-theme-color-subtle avia-size-large avia-position-left '  target=\"_blank\"   ><span class='avia_iconbox_title' >Click on the link below to download the scientific bases (Alberto Masegosa Award) <\/span><\/a><\/div>\n<div style='height:60px' class='hr hr-invisible   avia-builder-el-14  el_after_av_button  el_before_av_icon_box  '><span class='hr-inner ' ><span class='hr-inner-style'><\/span><\/span><\/div>\n<article class=\"iconbox iconbox_top main_color    avia-builder-el-15  el_after_av_hr  el_before_av_hr   \"  itemscope=\"itemscope\" itemtype=\"https:\/\/schema.org\/CreativeWork\" ><div class=\"iconbox_content\"><header class=\"entry-content-header\"><div class=\"iconbox_icon heading-color \" aria-hidden='true' data-av_icon='\ue8a8' data-av_iconfont='entypo-fontello'  ><\/div><h3 class='iconbox_content_title  '  itemprop=\"headline\"  >Alberto Masegosa Award Winners<\/h3><\/header><div class='iconbox_content_container  '  itemprop=\"text\"  ><p>Very soon all the winners.<\/p>\n<\/div><\/div><footer class=\"entry-footer\"><\/footer><\/article>\n<div style=' margin-top:50px; margin-bottom:0px;'  class='hr hr-custom hr-center hr-icon-no   avia-builder-el-16  el_after_av_icon_box  avia-builder-el-last  '><span class='hr-inner   inner-border-av-border-fat' style=' width:1500px; border-color:#f2f2f2;' ><span class='hr-inner-style'><\/span><\/span><\/div>\n<\/p>\n","protected":false},"excerpt":{"rendered":"","protected":false},"author":1,"featured_media":0,"parent":0,"menu_order":0,"comment_status":"closed","ping_status":"closed","template":"","meta":[],"_links":{"self":[{"href":"https:\/\/www.capitulodeflebologia.org\/en\/wp-json\/wp\/v2\/pages\/2310"}],"collection":[{"href":"https:\/\/www.capitulodeflebologia.org\/en\/wp-json\/wp\/v2\/pages"}],"about":[{"href":"https:\/\/www.capitulodeflebologia.org\/en\/wp-json\/wp\/v2\/types\/page"}],"author":[{"embeddable":true,"href":"https:\/\/www.capitulodeflebologia.org\/en\/wp-json\/wp\/v2\/users\/1"}],"replies":[{"embeddable":true,"href":"https:\/\/www.capitulodeflebologia.org\/en\/wp-json\/wp\/v2\/comments?post=2310"}],"version-history":[{"count":12,"href":"https:\/\/www.capitulodeflebologia.org\/en\/wp-json\/wp\/v2\/pages\/2310\/revisions"}],"predecessor-version":[{"id":2525,"href":"https:\/\/www.capitulodeflebologia.org\/en\/wp-json\/wp\/v2\/pages\/2310\/revisions\/2525"}],"wp:attachment":[{"href":"https:\/\/www.capitulodeflebologia.org\/en\/wp-json\/wp\/v2\/media?parent=2310"}],"curies":[{"name":"wp","href":"https:\/\/api.w.org\/{rel}","templated":true}]}}