{"id":2285,"date":"2022-01-17T16:08:35","date_gmt":"2022-01-17T16:08:35","guid":{"rendered":"http:\/\/www.capitulodeflebologia.org\/juntas-directivas-anteriores\/"},"modified":"2022-01-19T12:35:14","modified_gmt":"2022-01-19T12:35:14","slug":"juntas-directivas-anteriores","status":"publish","type":"page","link":"https:\/\/www.capitulodeflebologia.org\/en\/juntas-directivas-anteriores\/","title":{"rendered":"Juntas Directivas Anteriores"},"content":{"rendered":"<div id='full_slider_1' class='avia-fullwidth-slider main_color avia-shadow   avia-builder-el-0  el_before_av_hr  avia-builder-el-first   container_wrap fullsize' style=' '  ><div  data-size='featured'  data-lightbox_size='large'  data-animation='fade'  data-conditional_play=''  data-ids='736,735,738,737,734,733'  data-video_counter='0'  data-autoplay='true'  data-bg_slider='false'  data-slide_height=''  data-handle='av_slideshow_full'  data-interval='5'  data-class=' '  data-css_id=''  data-scroll_down=''  data-control_layout='av-control-hidden'  data-custom_markup=''  data-perma_caption='aviaTBperma_caption'  data-autoplay_stopper=''  data-image_attachment=''  data-min_height='0px'  data-src=''  data-position='top left'  data-repeat='no-repeat'  data-attach='scroll'  data-stretch=''  data-default-height='28.666666666667'  class='avia-slideshow avia-slideshow-1  av-control-hidden av-default-height-applied avia-slideshow-featured av_slideshow_full   avia-fade-slider '  itemprop=\"image\" itemscope=\"itemscope\" itemtype=\"https:\/\/schema.org\/ImageObject\" ><ul class='avia-slideshow-inner ' style='padding-bottom: 28.666666666667%;' ><li  class=' slide-1 ' ><div data-rel='slideshow-1' class='avia-slide-wrap '   ><img src='https:\/\/www.capitulodeflebologia.org\/wp-content\/uploads\/2019\/08\/Flebologia-slider-2BN-1500x430.jpg' width='1500' height='430' title='Flebologia-slider-2BN' alt=''  itemprop=\"thumbnailUrl\"   \/><\/div><\/li><li  class=' slide-2 ' ><div data-rel='slideshow-1' class='avia-slide-wrap '   ><img src='https:\/\/www.capitulodeflebologia.org\/wp-content\/uploads\/2019\/08\/Flebologia-slider-3BN-1500x430.jpg' width='1500' height='430' title='Flebologia-slider-3BN' alt=''  itemprop=\"thumbnailUrl\"   \/><\/div><\/li><li  class=' slide-3 ' ><div data-rel='slideshow-1' class='avia-slide-wrap '   ><img src='https:\/\/www.capitulodeflebologia.org\/wp-content\/uploads\/2019\/08\/Flebologia-slider-1BN-1500x430.jpg' width='1500' height='430' title='Flebologia-slider-1BN' alt=''  itemprop=\"thumbnailUrl\"   \/><\/div><\/li><\/ul><div class='avia-slideshow-arrows avia-slideshow-controls'><a href='#prev' class='prev-slide' aria-hidden='true' data-av_icon='\ue87c' data-av_iconfont='entypo-fontello'>Previous<\/a><a href='#next' class='next-slide' aria-hidden='true' data-av_icon='\ue87d' data-av_iconfont='entypo-fontello'>Next<\/a><\/div><div class='avia-slideshow-dots avia-slideshow-controls'><a href='#1' class='goto-slide active' >1<\/a><a href='#2' class='goto-slide ' >2<\/a><a href='#3' class='goto-slide ' >3<\/a><\/div><div class = \"caption_fullwidth av-slideshow-caption caption_bottom\"><div class = \"container caption_container\"><div class = \"slideshow_caption\"><div class = \"slideshow_inner_caption\"><div class = \"slideshow_align_caption\"><h2  class='avia-caption-title  '  itemprop=\"name\" >Former Board of Directors<\/h2><\/div><\/div><\/div><\/div><\/div><\/div><\/div><div id='after_full_slider_1' class='main_color av_default_container_wrap container_wrap fullsize' style=' '  ><div class='container' ><div class='template-page content  av-content-full alpha units'><div class='post-entry post-entry-type-page post-entry-2285'><div class='entry-content-wrapper clearfix'>\n<div style='height:5px' class='hr hr-invisible   avia-builder-el-1  el_after_av_slideshow_full  el_before_av_section  avia-builder-el-no-sibling  '><span class='hr-inner ' ><span class='hr-inner-style'><\/span><\/span><\/div>\n<\/div><\/div><\/div><!-- close content main div --><\/div><\/div><div id='av_section_1' class='avia-section main_color avia-section-default avia-no-border-styling avia-bg-style-scroll  avia-builder-el-2  el_after_av_hr  el_before_av_one_fifth   container_wrap fullsize' style=' '  ><div class='container' ><div class='template-page content  av-content-full alpha units'><div class='post-entry post-entry-type-page post-entry-2285'><div class='entry-content-wrapper clearfix'>\n<div class=\"flex_column av_one_third  flex_column_div first  avia-builder-el-3  el_before_av_one_third  avia-builder-el-first   \" style='background: #e0e0e0; padding:25px; background-color:#e0e0e0; border-radius:0px; '><section class=\"av_textblock_section \"  itemscope=\"itemscope\" itemtype=\"https:\/\/schema.org\/CreativeWork\" ><div class='avia_textblock  '   itemprop=\"text\" ><h3 style=\"text-align: left;\"><b><span lang=\"ES\">1993 \u2013 1997<\/span><\/b><\/h3>\n<p style=\"text-align: left;\"><strong>Presidente:<\/strong><br \/>\nDr. E. Samaniego<br \/>\n<strong>Vicepresidente 1\u00ba:<\/strong><br \/>\nDr. C. Marsal<br \/>\n<strong>Vicepresidente 2\u00ba:<\/strong><br \/>\nDr. M. \u00aa Mateo<br \/>\n<strong>Secretario:<\/strong><strong><br \/>\n<\/strong>Dr. J. Latorre<br \/>\n<strong>Tesorero:<\/strong><br \/>\nDr. A. Garc\u00eda Alfageme<br \/>\n<strong>Vocales:<\/strong><br \/>\nDr. P. Castells<br \/>\nDr. J. M\u00aa. G\u00fcell<br \/>\nDr. V. lb\u00e1\u00f1ez<br \/>\nDr. M. Mart\u00ednez<br \/>\nDr. J. Mateos<br \/>\nDr. J. Pacho<br \/>\nDr. R. Pe\u00f1afiel<br \/>\nDr. A. Rosendo<br \/>\n<strong>Comit\u00e9 Cient\u00edfico:<br \/>\n<\/strong>Dr. J.M. Azcona<br \/>\nDr. J.A. Jim\u00e9nez Coss\u00edo<br \/>\nDr. J. Marinel.lo<br \/>\nDr. E. Ros Die<br \/>\nDr. Ram\u00f3n Torres<\/p>\n<\/div><\/section><\/div><div class=\"flex_column av_one_third  flex_column_div   avia-builder-el-5  el_after_av_one_third  el_before_av_one_third   \" style='background: #e0e0e0; padding:25px; background-color:#e0e0e0; border-radius:0px; '><section class=\"av_textblock_section \"  itemscope=\"itemscope\" itemtype=\"https:\/\/schema.org\/CreativeWork\" ><div class='avia_textblock  '   itemprop=\"text\" ><h3 style=\"text-align: left;\"><b><span lang=\"ES\">1997 \u2013 2001<\/span><\/b><\/h3>\n<p><strong>Presidente:<\/strong><br \/>\nDr. A.M.\u00aa Mateo<br \/>\n<strong>Vicepresidente 1\u00ba:<\/strong><br \/>\nDr. J.A. Jim\u00e9nez Coss\u00edo<br \/>\n<strong>Vicepresidente 2\u00ba:<\/strong><br \/>\nDr. J. Latorre<br \/>\n<strong>Secretario:<\/strong><strong><br \/>\n<\/strong>Dr. Josep Marinel.lo<br \/>\n<strong>Tesorero:<\/strong><br \/>\nDr. J. Pacho<br \/>\n<strong>Vocales:<\/strong><br \/>\nDr. V. Hermoso<br \/>\nDr. A. Masegosa<br \/>\nDr. Gabriel Collado<br \/>\nDr. C. Miquel Abbad<br \/>\nDr. J.M\u00aa Cubr\u00eda<br \/>\nDr. R. G\u00f3mez Medialdea<br \/>\nDr. J. Rodr\u00edguez<br \/>\nDr. E. O. Sansegundo<br \/>\nDr. L.A. Carpintero<br \/>\nDr. J.R. Garc\u00eda<br \/>\nDr. P. Castells<br \/>\nDr. C. Cuesta<br \/>\nDr. A. L\u00f3pez<br \/>\n<strong>Comit\u00e9 Cient\u00edfico:<br \/>\n<\/strong>Dr. J. Maeso<br \/>\nDr. Vicente Ib\u00e1\u00f1ez Esquembre<br \/>\nDr. P. J. Magall\u00f3n<br \/>\nDr. Rafael Pe\u00f1afiel Marfil<\/p>\n<\/div><\/section><\/div><div class=\"flex_column av_one_third  flex_column_div   avia-builder-el-7  el_after_av_one_third  el_before_av_one_third   \" style='background: #e0e0e0; padding:25px; background-color:#e0e0e0; border-radius:0px; '><section class=\"av_textblock_section \"  itemscope=\"itemscope\" itemtype=\"https:\/\/schema.org\/CreativeWork\" ><div class='avia_textblock  '   itemprop=\"text\" ><h3 style=\"text-align: left;\"><b><span lang=\"ES\">2001 &#8211; 2005<\/span><\/b><\/h3>\n<p><strong>Presidente:<\/strong><br \/>\nDr. J. Marinel.lo<br \/>\n<strong>Vicepresidente 1\u00ba:<\/strong><br \/>\nDr. Ricardo Gesto<br \/>\n<strong>Vicepresidente 2\u00ba:<\/strong><br \/>\nDr. Alberto Masegosa<br \/>\n<strong>Secretario:<\/strong><strong><br \/>\n<\/strong>Dr. Vicente Ib\u00e1\u00f1ez Esquembre<br \/>\n<strong>Tesorero:<\/strong><br \/>\nDr. J. Pacho<br \/>\n<strong>Vocales:<\/strong><br \/>\nDr. Ram\u00f3n Bofill<br \/>\nDr. A. Garc\u00eda Alfageme<br \/>\nDr. Vicente Garc\u00eda R\u00f3spide<br \/>\nDr. V. Hermoso<br \/>\nDr. P. J. Magall\u00f3n<br \/>\nDr. Vicente Mart\u00edn Paradero<br \/>\nDr. A. Rosendo<br \/>\nDr. Jos\u00e9 Ram\u00f3n Escudero<br \/>\n<strong>Comit\u00e9 Cient\u00edfico:<br \/>\n<\/strong>Dr. Javier \u00c1lvarez Fern\u00e1ndez<br \/>\nDr. Gabriel Collado<br \/>\nDr. Natalio Garc\u00eda Honduvilla<br \/>\nDr. C. Villaverde<\/p>\n<\/div><\/section><\/div><div class=\"flex_column av_one_third  flex_column_div first  avia-builder-el-9  el_after_av_one_third  el_before_av_one_third   column-top-margin\" style='background: #e0e0e0; padding:25px; background-color:#e0e0e0; border-radius:0px; '><section class=\"av_textblock_section \"  itemscope=\"itemscope\" itemtype=\"https:\/\/schema.org\/CreativeWork\" ><div class='avia_textblock  '   itemprop=\"text\" ><h3 style=\"text-align: left;\"><b><span lang=\"ES\">2005 &#8211; 2007<\/span><\/b><\/h3>\n<p><strong>Presidente:<\/strong><br \/>\nDr. A. Masegosa<br \/>\n<strong>Vicepresidente 1\u00ba:<\/strong><br \/>\nDr. V. Ib\u00e1\u00f1ez<br \/>\n<strong>Vicepresidente 2\u00ba:<\/strong><br \/>\nDr. J.R. Escudero<br \/>\n<strong>Secretario:<\/strong><strong><br \/>\n<\/strong>Dr. P. Carre\u00f1o<br \/>\n<strong>Tesorero:<\/strong><br \/>\nDr. J. Pacho<br \/>\n<strong>Vocales:<\/strong><br \/>\nDr. J. Bofill<br \/>\nDr. V. G\u00aa R\u00f3spide<br \/>\nDr. A. Rosendo<br \/>\nDr. R. G\u00f3mez Medialdea<br \/>\nDr. A. Arroyo<br \/>\nDr. Rodrigo Rial Horcajo<br \/>\nDr. E. Latorre<br \/>\nDr. J. Hospedales<br \/>\n<strong>Comit\u00e9 Cient\u00edfico:<br \/>\n<\/strong>Dr. Javier \u00c1lvarez Fern\u00e1ndez<br \/>\nDr. Gabriel Collado<br \/>\nDr. Vicente Garc\u00eda R\u00f3spide<br \/>\nDr. Vicente Mart\u00edn Paradero<\/p>\n<\/div><\/section><\/div><div class=\"flex_column av_one_third  flex_column_div   avia-builder-el-11  el_after_av_one_third  el_before_av_one_third   column-top-margin\" style='background: #e0e0e0; padding:25px; background-color:#e0e0e0; border-radius:0px; '><section class=\"av_textblock_section \"  itemscope=\"itemscope\" itemtype=\"https:\/\/schema.org\/CreativeWork\" ><div class='avia_textblock  '   itemprop=\"text\" ><h3 style=\"text-align: left;\"><b><span lang=\"ES\">2007 &#8211; 2011<\/span><\/b><\/h3>\n<p><strong>Presidente:<\/strong><br \/>\nDr. J.R. Escudero<br \/>\n<strong>Vicepresidente 1\u00ba:<\/strong><br \/>\nDr. V. Ib\u00e1\u00f1ez<br \/>\n<strong>Vicepresidente 2\u00ba:<\/strong><br \/>\nDr. J. \u00c1lvarez<br \/>\n(y posteriormente<br \/>\nDr. V. Mart\u00edn Paradero)<br \/>\n<strong>Secretario:<\/strong><strong><br \/>\n<\/strong>Dr. P. Carre\u00f1o<br \/>\n(y posteriormente<br \/>\nDr. M. Davins)<br \/>\n<strong>Tesorero:<\/strong><br \/>\nDr. J. Pacho<br \/>\n<strong>Vocales:<\/strong><br \/>\nDr. Ram\u00f3n Bofill<br \/>\nDr. Vicente Garc\u00eda R\u00f3spide<br \/>\nDr. R. G\u00f3mez Medialdea<br \/>\nDr. Agust\u00edn Arroyo Bielsa<br \/>\nDr. Rodrigo Rial Horcajo<br \/>\nDr. E. Latorre<br \/>\nDr. J. Hospedales<br \/>\nDra. M\u00aa Victoria Arcediano<br \/>\nDr. Cristina Puigdellivol<br \/>\n<strong>Comit\u00e9 Cient\u00edfico:<br \/>\n<\/strong>Dr. Fidel Fern\u00e1ndez Quesada<br \/>\nDr. Vicente Garc\u00eda R\u00f3spide<br \/>\nDr. M.I. S\u00e1nchez Nevarez<br \/>\nDr. A. Romero<\/p>\n<\/div><\/section><\/div><div class=\"flex_column av_one_third  flex_column_div   avia-builder-el-13  el_after_av_one_third  el_before_av_one_third   column-top-margin\" style='background: #e0e0e0; padding:25px; background-color:#e0e0e0; border-radius:0px; '><section class=\"av_textblock_section \"  itemscope=\"itemscope\" itemtype=\"https:\/\/schema.org\/CreativeWork\" ><div class='avia_textblock  '   itemprop=\"text\" ><h3 style=\"text-align: left;\"><b><span lang=\"ES\">2011 &#8211; 2015<\/span><\/b><\/h3>\n<p><strong>Presidente:<\/strong><br \/>\nDr. V. Ib\u00e1\u00f1ez Esquembre<br \/>\n<strong>Vicepresidente 1\u00ba:<\/strong><br \/>\nDr. Fidel Fern\u00e1ndez Quesada<br \/>\n<strong>Vicepresidente 2\u00ba:<\/strong><br \/>\nDr. Santiago Rodr\u00edguez Camarero<br \/>\n<strong>Secretario:<\/strong><strong><br \/>\n<\/strong>Dra. M\u00aa Victoria Arcediano<br \/>\n<strong>Tesorero:<\/strong><br \/>\nDr. Fidel Fern\u00e1ndez Quesada<br \/>\n<strong>Vocales:<\/strong><br \/>\nDr. J. M. Jim\u00e9nez Arribas<br \/>\nDra. C. Puigdellivol Seraf\u00ed<br \/>\nDra. M\u00aa Jos\u00e9 Ramos Gallo<br \/>\nDra. Lourdes Reina Guti\u00e9rrez<br \/>\nDr. Manuel Rodr\u00edguez Pi\u00f1ero<br \/>\n<strong>Comit\u00e9 Cient\u00edfico:<br \/>\n<\/strong>Dr. C\u00e9sar Garc\u00eda Madrid<br \/>\nDr. C. Miquel Abbad<br \/>\nDr. Rodrigo Rial Horcajo<br \/>\nDra. Dolores Ballesteros Ortega<\/p>\n<\/div><\/section><\/div><div class=\"flex_column av_one_third  flex_column_div first  avia-builder-el-15  el_after_av_one_third  el_before_av_one_third   column-top-margin\" style='background: #e0e0e0; padding:25px; background-color:#e0e0e0; border-radius:0px; '><section class=\"av_textblock_section \"  itemscope=\"itemscope\" itemtype=\"https:\/\/schema.org\/CreativeWork\" ><div class='avia_textblock  '   itemprop=\"text\" ><h3 style=\"text-align: left;\"><b><span lang=\"ES\">2015-2019<\/span><\/b><\/h3>\n<p><strong>Presidente<\/strong>:<br \/>\nDr. Fidel Fern\u00e1ndez Quesada<br \/>\n<strong>Vicepresidente 1\u00ba y Tesorero:<br \/>\n<\/strong>Dr. Carles Miquel Abad (Tesorer\u00eda)<br \/>\n<strong>Vicepresidente 2\u00ba:<br \/>\n<\/strong>Dr. Rodrigo Rial Horcajo<br \/>\n<strong>Secretaria<\/strong>:<br \/>\nDra. Lourdes Reina Guti\u00e9rrez<br \/>\n<strong>Vocales<\/strong>:<br \/>\nDr. Jes\u00fas Al\u00f3s Villacrosa<br \/>\nDra. M\u00aa Victoria Arcediano S\u00e1nchez<br \/>\nDr. Javier Leal Monedero<br \/>\nDr. Javier P\u00e9rez Monreal<br \/>\nDr. Ramiro Verdejo Tamarit<br \/>\n<strong>Comit\u00e9 Cient\u00edfico<\/strong>:<br \/>\nDr. Agust\u00edn Arroyo Bielsa<br \/>\nDr. Guillermo Mo\u00f1ux Ducaj\u00fa<br \/>\nDr. Josep Marinel.lo<br \/>\nDr. Joaqu\u00edn de Haro Miralles<\/p>\n<\/div><\/section><\/div><div class=\"flex_column av_one_third  flex_column_div   avia-builder-el-17  el_after_av_one_third  avia-builder-el-last   column-top-margin\" style='background: #e0e0e0; padding:25px; background-color:#e0e0e0; border-radius:0px; '><section class=\"av_textblock_section \"  itemscope=\"itemscope\" itemtype=\"https:\/\/schema.org\/CreativeWork\" ><div class='avia_textblock  '   itemprop=\"text\" ><h3 style=\"text-align: left;\"><b><span lang=\"ES\">2019-2021<\/span><\/b><\/h3>\n<p><strong>Presidente<\/strong>:<br \/>\nDr. Rodrigo Rial Horcajo<br \/>\n<strong>Vicepresidenta 1\u00ba y Tesorera:<br \/>\n<\/strong>Dra. M\u00aa Victoria Arcediano S\u00e1nchez<br \/>\n<strong>Vicepresidente 2\u00ba:<br \/>\n<\/strong>Dr. Agust\u00edn Arroyo Bielsa<br \/>\n<strong>Secretaria<\/strong>:<br \/>\nDra. Estrella Blanco Ca\u00f1ibano<br \/>\n<strong>Vocales<\/strong>:<br \/>\nDra. Cristina Feijoo Cano<br \/>\nDra. Cristina L\u00f3pez Espada<br \/>\n<span lang=\"ES\">Dra. Marina L\u00f3pez Sanmart\u00edn<\/span><br \/>\nDr. Alejandro Rodr\u00edguez Morata<br \/>\nAntonio Romera Villegas<br \/>\nDr. Andr\u00e9s Garc\u00eda Le\u00f3n<br \/>\n<strong>Comit\u00e9 Cient\u00edfico<\/strong>:<br \/>\nDra. Estrella Blanco Ca\u00f1ibano<br \/>\nDr. Guillermo Mo\u00f1ux Ducaj\u00fa<br \/>\nDra. M\u00aa Lourdes del R\u00edo Sol\u00e1<br \/>\nDr. Joaqu\u00edn de Haro Miralles<br \/>\nDr. Francisco \u00c1lvarez Marcos<\/p>\n<\/div><\/section><\/div><\/div><\/div><\/div><!-- close content main div --><\/div><\/div><div id='after_section_1' class='main_color av_default_container_wrap container_wrap fullsize' style=' '  ><div class='container' ><div class='template-page content  av-content-full alpha units'><div class='post-entry post-entry-type-page post-entry-2285'><div class='entry-content-wrapper clearfix'><div class=\"flex_column av_one_fifth  flex_column_div av-zero-column-padding first  avia-builder-el-19  el_after_av_section  el_before_av_three_fifth  avia-builder-el-first  \" style='border-radius:0px; '><\/div><\/p>\n<div class=\"flex_column av_three_fifth  flex_column_div av-zero-column-padding   avia-builder-el-20  el_after_av_one_fifth  el_before_av_one_fifth  \" style='border-radius:0px; '><div class='avia-gallery  avia-gallery-1 avia_lazyload avia-gallery-animate avia_animate_when_visible  avia-builder-el-21  avia-builder-el-no-sibling  '  itemprop=\"image\" itemscope=\"itemscope\" itemtype=\"https:\/\/schema.org\/ImageObject\" ><a class='avia-gallery-big fakeLightbox lightbox avia-gallery-big-crop-thumb ' href='https:\/\/www.capitulodeflebologia.org\/wp-content\/uploads\/2019\/08\/Imagen-1.png'  data-onclick='1' title='Grupo de Angi\u00f3logos y Cirujanos fundadores del CEFyL, San Sebasti\u00e1n, febrero de 1992.' ><span class='avia-gallery-big-inner'  itemprop=\"thumbnailUrl\" >\t<img width='495' height='400' src='https:\/\/www.capitulodeflebologia.org\/wp-content\/uploads\/2019\/08\/Imagen-1-495x400.png' title='Imagen-1' alt='' \/>\t<span class='avia-gallery-caption'>Grupo de Angi\u00f3logos y Cirujanos fundadores del CEFyL, San Sebasti\u00e1n, febrero de 1992.<\/span><\/span><\/a><div class='avia-gallery-thumb'> <a href='https:\/\/www.capitulodeflebologia.org\/wp-content\/uploads\/2019\/08\/Imagen-1.png' data-rel='gallery-1' data-prev-img='https:\/\/www.capitulodeflebologia.org\/wp-content\/uploads\/2019\/08\/Imagen-1-495x400.png' class='first_thumb lightbox ' data-onclick='1' title='Grupo de Angi\u00f3logos y Cirujanos fundadores del CEFyL, San Sebasti\u00e1n, febrero de 1992.'  itemprop=\"thumbnailUrl\" ><img data-avia-tooltip='Grupo de Angi\u00f3logos y Cirujanos fundadores del CEFyL, San Sebasti\u00e1n, febrero de 1992.' src='https:\/\/www.capitulodeflebologia.org\/wp-content\/uploads\/2019\/08\/Imagen-1-495x400.png' width='495' height='400'  title='Imagen-1' alt='' \/><\/a> <a href='https:\/\/www.capitulodeflebologia.org\/wp-content\/uploads\/2019\/08\/Imagen-2.png' data-rel='gallery-1' data-prev-img='https:\/\/www.capitulodeflebologia.org\/wp-content\/uploads\/2019\/08\/Imagen-2-495x400.png' class='lightbox ' data-onclick='2' title='Algunos de los Expresidentes del CEFyL, de izquierda a derecha: Dr. J. Marinel.lo, Dr. A. Mateo, Dr. J.R. Escudero, Dr. Rodr\u00edguez Macarero (vicepresidente), Dr. A. Masegosa y Dr. Samaniego. 2007.'  itemprop=\"thumbnailUrl\" ><img data-avia-tooltip='Algunos de los Expresidentes del CEFyL, de izquierda a derecha: Dr. J. Marinel.lo, Dr. A. Mateo, Dr. J.R. Escudero, Dr. Rodr\u00edguez Macarero (vicepresidente), Dr. A. Masegosa y Dr. Samaniego. 2007.' src='https:\/\/www.capitulodeflebologia.org\/wp-content\/uploads\/2019\/08\/Imagen-2-495x400.png' width='495' height='400'  title='Imagen-2' alt='' \/><\/a> <a href='https:\/\/www.capitulodeflebologia.org\/wp-content\/uploads\/2019\/08\/Imagen-3.png' data-rel='gallery-1' data-prev-img='https:\/\/www.capitulodeflebologia.org\/wp-content\/uploads\/2019\/08\/Imagen-3-495x400.png' class='lightbox ' data-onclick='3' title='Dr. J. R. Escudero (a la izquierda) y Dr. Dr. Vicente Ib\u00e1\u00f1ez Esquembre, presidentes del CEFL, Expresidentes del CEFyL en sus 4\u00aa y 5\u00aa legislatura.'  itemprop=\"thumbnailUrl\" ><img data-avia-tooltip='Dr. J. R. Escudero (a la izquierda) y Dr. Dr. Vicente Ib\u00e1\u00f1ez Esquembre, presidentes del CEFL, Expresidentes del CEFyL en sus 4\u00aa y 5\u00aa legislatura.' src='https:\/\/www.capitulodeflebologia.org\/wp-content\/uploads\/2019\/08\/Imagen-3-495x400.png' width='495' height='400'  title='Imagen-3' alt='' \/><\/a> <a href='https:\/\/www.capitulodeflebologia.org\/wp-content\/uploads\/2019\/08\/Imagen-4.png' data-rel='gallery-1' data-prev-img='https:\/\/www.capitulodeflebologia.org\/wp-content\/uploads\/2019\/08\/Imagen-4-495x400.png' class='lightbox ' data-onclick='4' title='Dr. Fidel Fern\u00e1ndez Quesada, anterior Presidente del CEFYL (2015-2019)'  itemprop=\"thumbnailUrl\" ><img data-avia-tooltip='Dr. Fidel Fern\u00e1ndez Quesada, anterior Presidente del CEFYL (2015-2019)' src='https:\/\/www.capitulodeflebologia.org\/wp-content\/uploads\/2019\/08\/Imagen-4-495x400.png' width='495' height='400'  title='Imagen-4' alt='' \/><\/a><\/div><\/div><\/div>\n<div class=\"flex_column av_one_fifth  flex_column_div av-zero-column-padding   avia-builder-el-22  el_after_av_three_fifth  el_before_av_hr  \" style='border-radius:0px; '><\/div>\n<div style=' margin-top:50px; margin-bottom:0px;'  class='hr hr-custom hr-center hr-icon-no   avia-builder-el-23  el_after_av_one_fifth  avia-builder-el-last  '><span class='hr-inner   inner-border-av-border-fat' style=' width:1500px; border-color:#f2f2f2;' ><span class='hr-inner-style'><\/span><\/span><\/div>\n","protected":false},"excerpt":{"rendered":"","protected":false},"author":1,"featured_media":0,"parent":0,"menu_order":0,"comment_status":"closed","ping_status":"closed","template":"","meta":[],"_links":{"self":[{"href":"https:\/\/www.capitulodeflebologia.org\/en\/wp-json\/wp\/v2\/pages\/2285"}],"collection":[{"href":"https:\/\/www.capitulodeflebologia.org\/en\/wp-json\/wp\/v2\/pages"}],"about":[{"href":"https:\/\/www.capitulodeflebologia.org\/en\/wp-json\/wp\/v2\/types\/page"}],"author":[{"embeddable":true,"href":"https:\/\/www.capitulodeflebologia.org\/en\/wp-json\/wp\/v2\/users\/1"}],"replies":[{"embeddable":true,"href":"https:\/\/www.capitulodeflebologia.org\/en\/wp-json\/wp\/v2\/comments?post=2285"}],"version-history":[{"count":4,"href":"https:\/\/www.capitulodeflebologia.org\/en\/wp-json\/wp\/v2\/pages\/2285\/revisions"}],"predecessor-version":[{"id":2464,"href":"https:\/\/www.capitulodeflebologia.org\/en\/wp-json\/wp\/v2\/pages\/2285\/revisions\/2464"}],"wp:attachment":[{"href":"https:\/\/www.capitulodeflebologia.org\/en\/wp-json\/wp\/v2\/media?parent=2285"}],"curies":[{"name":"wp","href":"https:\/\/api.w.org\/{rel}","templated":true}]}}